{"id":7,"date":"2025-06-28T15:42:24","date_gmt":"2025-06-28T13:42:24","guid":{"rendered":"https:\/\/anschuetz-dienstleistungen.de\/?page_id=7"},"modified":"2025-06-28T16:52:17","modified_gmt":"2025-06-28T14:52:17","slug":"startseite","status":"publish","type":"page","link":"https:\/\/anschuetz-dienstleistungen.de\/","title":{"rendered":"Start"},"content":{"rendered":"\n<figure class=\"wp-block-image size-full\"><img loading=\"lazy\" decoding=\"async\" width=\"800\" height=\"460\" src=\"https:\/\/anschuetz-dienstleistungen.de\/wp-content\/uploads\/2025\/06\/Anschuetz_Auto1.png\" alt=\"\" class=\"wp-image-32\" srcset=\"https:\/\/anschuetz-dienstleistungen.de\/wp-content\/uploads\/2025\/06\/Anschuetz_Auto1.png 800w, https:\/\/anschuetz-dienstleistungen.de\/wp-content\/uploads\/2025\/06\/Anschuetz_Auto1-300x173.png 300w, https:\/\/anschuetz-dienstleistungen.de\/wp-content\/uploads\/2025\/06\/Anschuetz_Auto1-768x442.png 768w\" sizes=\"auto, (max-width: 800px) 100vw, 800px\" \/><\/figure>\n\n\n\n<h2 class=\"wp-block-heading\"><strong>Dienstleistung und Service f\u00fcr Umz\u00fcge, Entr\u00fcmpelung und alles rund ums Haus<\/strong><\/h2>\n\n\n\n<h2 class=\"wp-block-heading\"><\/h2>\n\n\n\n<div style=\"height:40px\" aria-hidden=\"true\" class=\"wp-block-spacer\"><\/div>\n\n\n\n<div class=\"wp-block-columns is-layout-flex wp-container-core-columns-is-layout-9d6595d7 wp-block-columns-is-layout-flex\">\n<div class=\"wp-block-column neve-duotone is-layout-flow wp-block-column-is-layout-flow\" style=\"padding-right:var(--wp--preset--spacing--30);padding-left:var(--wp--preset--spacing--30)\"><div class=\"wp-block-image icon-style is-style-default wp-duotone-unset-1\">\n<figure class=\"aligncenter size-full is-resized has-custom-border\"><img loading=\"lazy\" decoding=\"async\" width=\"1280\" height=\"818\" src=\"https:\/\/anschuetz-dienstleistungen.de\/wp-content\/uploads\/2025\/06\/building-1300541_1280.png\" alt=\"\" class=\"wp-image-43\" style=\"border-radius:0px;width:164px;height:auto\" title=\"\" srcset=\"https:\/\/anschuetz-dienstleistungen.de\/wp-content\/uploads\/2025\/06\/building-1300541_1280.png 1280w, https:\/\/anschuetz-dienstleistungen.de\/wp-content\/uploads\/2025\/06\/building-1300541_1280-300x192.png 300w, https:\/\/anschuetz-dienstleistungen.de\/wp-content\/uploads\/2025\/06\/building-1300541_1280-1024x654.png 1024w, https:\/\/anschuetz-dienstleistungen.de\/wp-content\/uploads\/2025\/06\/building-1300541_1280-768x491.png 768w\" sizes=\"auto, (max-width: 1280px) 100vw, 1280px\" \/><\/figure>\n<\/div>\n\n\n<div style=\"height:16px\" aria-hidden=\"true\" class=\"wp-block-spacer\"><\/div>\n\n\n\n<h3 class=\"wp-block-heading has-text-align-center has-neve-text-color-color has-text-color\">Haus\/Umzug<\/h3>\n\n\n\n<p class=\"has-text-align-center\">Umz\u00fcge sind unser Spezialgebiet. Professionell und Ordentlich.<\/p>\n\n\n\n<div style=\"height:20px\" aria-hidden=\"true\" class=\"wp-block-spacer\"><\/div>\n<\/div>\n\n\n\n<div class=\"wp-block-column is-layout-flow wp-block-column-is-layout-flow\" style=\"padding-right:var(--wp--preset--spacing--30);padding-left:var(--wp--preset--spacing--30)\"><div class=\"wp-block-image icon-style is-style-default\">\n<figure class=\"aligncenter size-full is-resized has-custom-border\"><img loading=\"lazy\" decoding=\"async\" width=\"1272\" height=\"1280\" src=\"https:\/\/anschuetz-dienstleistungen.de\/wp-content\/uploads\/2025\/06\/tree-4635977_1280.png\" alt=\"\" class=\"wp-image-44\" style=\"border-radius:0px;width:113px;height:auto\" title=\"\" srcset=\"https:\/\/anschuetz-dienstleistungen.de\/wp-content\/uploads\/2025\/06\/tree-4635977_1280.png 1272w, https:\/\/anschuetz-dienstleistungen.de\/wp-content\/uploads\/2025\/06\/tree-4635977_1280-298x300.png 298w, https:\/\/anschuetz-dienstleistungen.de\/wp-content\/uploads\/2025\/06\/tree-4635977_1280-1018x1024.png 1018w, https:\/\/anschuetz-dienstleistungen.de\/wp-content\/uploads\/2025\/06\/tree-4635977_1280-150x150.png 150w, https:\/\/anschuetz-dienstleistungen.de\/wp-content\/uploads\/2025\/06\/tree-4635977_1280-768x773.png 768w\" sizes=\"auto, (max-width: 1272px) 100vw, 1272px\" \/><\/figure>\n<\/div>\n\n\n<div style=\"height:16px\" aria-hidden=\"true\" class=\"wp-block-spacer\"><\/div>\n\n\n\n<h3 class=\"wp-block-heading has-text-align-center has-neve-text-color-color has-text-color\">Garten<\/h3>\n\n\n\n<p class=\"has-text-align-center\">Im Garten f\u00fchlen wir uns wohl. Rasenm\u00e4hen, Heckenschnitt, kein Problem<\/p>\n\n\n\n<div style=\"height:20px\" aria-hidden=\"true\" class=\"wp-block-spacer\"><\/div>\n<\/div>\n\n\n\n<div class=\"wp-block-column is-layout-flow wp-block-column-is-layout-flow\" style=\"padding-right:var(--wp--preset--spacing--30);padding-left:var(--wp--preset--spacing--30)\"><div class=\"wp-block-image icon-style is-style-default wp-duotone-unset-2\">\n<figure class=\"aligncenter size-full is-resized has-custom-border\"><img loading=\"lazy\" decoding=\"async\" width=\"1280\" height=\"640\" src=\"https:\/\/anschuetz-dienstleistungen.de\/wp-content\/uploads\/2025\/06\/vans-5630777_1280.png\" alt=\"\" class=\"wp-image-45\" style=\"border-radius:0px;width:224px;height:auto\" title=\"\" srcset=\"https:\/\/anschuetz-dienstleistungen.de\/wp-content\/uploads\/2025\/06\/vans-5630777_1280.png 1280w, https:\/\/anschuetz-dienstleistungen.de\/wp-content\/uploads\/2025\/06\/vans-5630777_1280-300x150.png 300w, https:\/\/anschuetz-dienstleistungen.de\/wp-content\/uploads\/2025\/06\/vans-5630777_1280-1024x512.png 1024w, https:\/\/anschuetz-dienstleistungen.de\/wp-content\/uploads\/2025\/06\/vans-5630777_1280-768x384.png 768w\" sizes=\"auto, (max-width: 1280px) 100vw, 1280px\" \/><\/figure>\n<\/div>\n\n\n<div style=\"height:16px\" aria-hidden=\"true\" class=\"wp-block-spacer\"><\/div>\n\n\n\n<h3 class=\"wp-block-heading has-text-align-center has-neve-text-color-color has-text-color\">Fahrten<\/h3>\n\n\n\n<p class=\"has-text-align-center\">Wir \u00fcbernehmen Spezialfahrten wo immer wir gebraucht werden.<\/p>\n\n\n\n<div style=\"height:20px\" aria-hidden=\"true\" class=\"wp-block-spacer\"><\/div>\n<\/div>\n\n\n\n<div class=\"wp-block-column is-layout-flow wp-block-column-is-layout-flow\" style=\"padding-right:var(--wp--preset--spacing--30);padding-left:var(--wp--preset--spacing--30)\"><div class=\"wp-block-image icon-style is-style-default wp-duotone-unset-3\">\n<figure class=\"aligncenter size-full is-resized has-custom-border\"><img loading=\"lazy\" decoding=\"async\" width=\"1144\" height=\"1280\" src=\"https:\/\/anschuetz-dienstleistungen.de\/wp-content\/uploads\/2025\/06\/man-310709_1280.png\" alt=\"\" class=\"wp-image-46\" style=\"border-radius:0px;width:102px;height:auto\" title=\"\" srcset=\"https:\/\/anschuetz-dienstleistungen.de\/wp-content\/uploads\/2025\/06\/man-310709_1280.png 1144w, https:\/\/anschuetz-dienstleistungen.de\/wp-content\/uploads\/2025\/06\/man-310709_1280-268x300.png 268w, https:\/\/anschuetz-dienstleistungen.de\/wp-content\/uploads\/2025\/06\/man-310709_1280-915x1024.png 915w, https:\/\/anschuetz-dienstleistungen.de\/wp-content\/uploads\/2025\/06\/man-310709_1280-768x859.png 768w\" sizes=\"auto, (max-width: 1144px) 100vw, 1144px\" \/><\/figure>\n<\/div>\n\n\n<div style=\"height:16px\" aria-hidden=\"true\" class=\"wp-block-spacer\"><\/div>\n\n\n\n<h3 class=\"wp-block-heading has-text-align-center has-neve-text-color-color has-text-color\">Entr\u00fcmpelung<\/h3>\n\n\n\n<p class=\"has-text-align-center\">Entr\u00fcmpelung ist unser Ding. Wir nehmen alles mit, auch Ihre Sorgen.<\/p>\n\n\n\n<div style=\"height:20px\" aria-hidden=\"true\" class=\"wp-block-spacer\"><\/div>\n<\/div>\n<\/div>\n\n\n\n<div class=\"wp-block-cover alignfull\" style=\"min-height:600px;aspect-ratio:unset;\"><span aria-hidden=\"true\" class=\"wp-block-cover__background has-nv-light-bg-background-color has-background-dim-80 has-background-dim\"><\/span><div class=\"wp-block-cover__inner-container is-layout-flow wp-block-cover-is-layout-flow\">\n<div class=\"wp-block-group\"><div class=\"wp-block-group__inner-container is-layout-flow wp-block-group-is-layout-flow\">\n<div style=\"height:80px\" aria-hidden=\"true\" class=\"wp-block-spacer\"><\/div>\n\n\n\n<div class=\"wp-block-columns is-layout-flex wp-container-core-columns-is-layout-9d6595d7 wp-block-columns-is-layout-flex\">\n<div class=\"wp-block-column is-layout-flow wp-block-column-is-layout-flow\" style=\"padding-right:0;padding-left:0;flex-basis:20%\">\n<div class=\"wp-block-group is-vertical is-content-justification-center is-layout-flex wp-container-core-group-is-layout-4b2eccd6 wp-block-group-is-layout-flex\"><\/div>\n<\/div>\n\n\n\n<div class=\"wp-block-column is-layout-flow wp-block-column-is-layout-flow\" style=\"flex-basis:60%\">\n<div class=\"wp-block-group is-vertical is-content-justification-center is-layout-flex wp-container-core-group-is-layout-4b2eccd6 wp-block-group-is-layout-flex\">\n<h2 class=\"wp-block-heading has-text-align-center has-neve-text-color-color has-text-color has-link-color wp-elements-0367341e0b9a53135ce0ac1844d9a5d9\">Sie lehnen sich zur\u00fcck, wir erledigen den Rest.<\/h2>\n\n\n\n<p class=\"has-text-align-center has-neve-text-color-color has-text-color has-link-color wp-elements-17bec80bd6392d5daf6146e41c3ccb00\">Seien es Umz\u00fcge, Entr\u00fcmpelungen oder alle ums Haus oder der Firma. Immer k\u00f6nnen Sie sich auf uns verlassen.<\/p>\n\n\n\n<div style=\"height:0px\" aria-hidden=\"true\" class=\"wp-block-spacer wp-container-content-541a6b20\"><\/div>\n<\/div>\n<\/div>\n\n\n\n<div class=\"wp-block-column is-layout-flow wp-block-column-is-layout-flow\" style=\"flex-basis:20%\">\n<div class=\"wp-block-group is-vertical is-content-justification-center is-layout-flex wp-container-core-group-is-layout-4b2eccd6 wp-block-group-is-layout-flex\"><\/div>\n<\/div>\n<\/div>\n\n\n\n<div class=\"wp-block-columns are-vertically-aligned-center is-layout-flex wp-container-core-columns-is-layout-9d6595d7 wp-block-columns-is-layout-flex\">\n<div class=\"wp-block-column is-vertically-aligned-center is-layout-flow wp-block-column-is-layout-flow\" style=\"padding-right:var(--wp--preset--spacing--30);padding-left:var(--wp--preset--spacing--30);flex-basis:50%\">\n<figure class=\"wp-block-image size-full has-custom-border\"><img loading=\"lazy\" decoding=\"async\" width=\"1280\" height=\"915\" src=\"https:\/\/anschuetz-dienstleistungen.de\/wp-content\/uploads\/2025\/06\/workers-9681382_1280.png\" alt=\"\" class=\"wp-image-38\" style=\"border-radius:16px\" srcset=\"https:\/\/anschuetz-dienstleistungen.de\/wp-content\/uploads\/2025\/06\/workers-9681382_1280.png 1280w, https:\/\/anschuetz-dienstleistungen.de\/wp-content\/uploads\/2025\/06\/workers-9681382_1280-300x214.png 300w, https:\/\/anschuetz-dienstleistungen.de\/wp-content\/uploads\/2025\/06\/workers-9681382_1280-1024x732.png 1024w, https:\/\/anschuetz-dienstleistungen.de\/wp-content\/uploads\/2025\/06\/workers-9681382_1280-768x549.png 768w\" sizes=\"auto, (max-width: 1280px) 100vw, 1280px\" \/><\/figure>\n\n\n\n<div style=\"height:24px\" aria-hidden=\"true\" class=\"wp-block-spacer\"><\/div>\n\n\n\n<h3 class=\"wp-block-heading has-text-align-center has-neve-text-color-color has-text-color\">Umz\u00fcge und Entr\u00fcmpelung<\/h3>\n\n\n\n<div style=\"height:40px\" aria-hidden=\"true\" class=\"wp-block-spacer\"><\/div>\n<\/div>\n\n\n\n<div class=\"wp-block-column is-vertically-aligned-center is-layout-flow wp-block-column-is-layout-flow\" style=\"padding-right:var(--wp--preset--spacing--30);padding-left:var(--wp--preset--spacing--30);flex-basis:50%\">\n<figure class=\"wp-block-image size-full is-resized has-custom-border\"><img loading=\"lazy\" decoding=\"async\" width=\"1274\" height=\"1280\" src=\"https:\/\/anschuetz-dienstleistungen.de\/wp-content\/uploads\/2025\/06\/workers-2246769_1280.png\" alt=\"\" class=\"wp-image-39\" style=\"border-radius:16px;width:411px;height:auto\" srcset=\"https:\/\/anschuetz-dienstleistungen.de\/wp-content\/uploads\/2025\/06\/workers-2246769_1280.png 1274w, https:\/\/anschuetz-dienstleistungen.de\/wp-content\/uploads\/2025\/06\/workers-2246769_1280-300x300.png 300w, https:\/\/anschuetz-dienstleistungen.de\/wp-content\/uploads\/2025\/06\/workers-2246769_1280-1019x1024.png 1019w, https:\/\/anschuetz-dienstleistungen.de\/wp-content\/uploads\/2025\/06\/workers-2246769_1280-150x150.png 150w, https:\/\/anschuetz-dienstleistungen.de\/wp-content\/uploads\/2025\/06\/workers-2246769_1280-768x772.png 768w\" sizes=\"auto, (max-width: 1274px) 100vw, 1274px\" \/><\/figure>\n\n\n\n<div style=\"height:24px\" aria-hidden=\"true\" class=\"wp-block-spacer\"><\/div>\n\n\n\n<h3 class=\"wp-block-heading has-text-align-center has-neve-text-color-color has-text-color\">Dienstleistungen rund ums Geb\u00e4ude<\/h3>\n\n\n\n<div style=\"height:40px\" aria-hidden=\"true\" class=\"wp-block-spacer\"><\/div>\n<\/div>\n<\/div>\n<\/div><\/div>\n<\/div><\/div>\n\n\n\n<div class=\"wp-block-cover alignfull has-nv-text-dark-bg-color has-text-color has-link-color wp-elements-c8c7a441f533c405d075d2fe5e8b3677\" style=\"min-height:420px;aspect-ratio:unset;\"><span aria-hidden=\"true\" class=\"wp-block-cover__background has-nv-dark-bg-background-color has-background-dim-100 has-background-dim\"><\/span><div class=\"wp-block-cover__inner-container is-layout-flow wp-block-cover-is-layout-flow\">\n<div style=\"height:80px\" aria-hidden=\"true\" class=\"wp-block-spacer\"><\/div>\n\n\n\n<div class=\"wp-block-columns is-layout-flex wp-container-core-columns-is-layout-9d6595d7 wp-block-columns-is-layout-flex\">\n<div class=\"wp-block-column ticss-4ce656f1 is-layout-flow wp-block-column-is-layout-flow\"><div class=\"wp-block-image is-style-rounded\">\n<figure class=\"aligncenter size-full is-resized\"><img loading=\"lazy\" decoding=\"async\" width=\"1280\" height=\"960\" src=\"https:\/\/anschuetz-dienstleistungen.de\/wp-content\/uploads\/2025\/06\/man-160788_1280.png\" alt=\"\" class=\"wp-image-49\" style=\"aspect-ratio:1;width:164px;height:auto\" srcset=\"https:\/\/anschuetz-dienstleistungen.de\/wp-content\/uploads\/2025\/06\/man-160788_1280.png 1280w, https:\/\/anschuetz-dienstleistungen.de\/wp-content\/uploads\/2025\/06\/man-160788_1280-300x225.png 300w, https:\/\/anschuetz-dienstleistungen.de\/wp-content\/uploads\/2025\/06\/man-160788_1280-1024x768.png 1024w, https:\/\/anschuetz-dienstleistungen.de\/wp-content\/uploads\/2025\/06\/man-160788_1280-768x576.png 768w\" sizes=\"auto, (max-width: 1280px) 100vw, 1280px\" \/><\/figure>\n<\/div>\n\n\n<div style=\"height:24px\" aria-hidden=\"true\" class=\"wp-block-spacer\"><\/div>\n\n\n\n<p class=\"has-text-align-center has-nv-text-dark-bg-color has-text-color has-link-color wp-elements-2c54c1655f8b59d966427a8ad196af87\">Ihre Zufriedenheit ist unser Anspruch. Daf\u00fcr stehen wir und daf\u00fcr verb\u00fcrgen wir uns.<\/p>\n\n\n\n<p class=\"has-text-align-center has-nv-text-dark-bg-color has-text-color has-small-font-size\" style=\"text-transform:uppercase\">Andreas Ansch\u00fctz <\/p>\n\n\n\n<div style=\"height:20px\" aria-hidden=\"true\" class=\"wp-block-spacer\"><\/div>\n<\/div>\n\n\n\n<div class=\"wp-block-column ticss-f6fc7494 is-layout-flow wp-block-column-is-layout-flow\"><div class=\"wp-block-image is-style-rounded\">\n<figure class=\"aligncenter size-full is-resized\"><img loading=\"lazy\" decoding=\"async\" width=\"1280\" height=\"915\" src=\"https:\/\/anschuetz-dienstleistungen.de\/wp-content\/uploads\/2025\/06\/team-9550607_1280.png\" alt=\"\" class=\"wp-image-50\" style=\"aspect-ratio:1;width:162px;height:auto\" srcset=\"https:\/\/anschuetz-dienstleistungen.de\/wp-content\/uploads\/2025\/06\/team-9550607_1280.png 1280w, https:\/\/anschuetz-dienstleistungen.de\/wp-content\/uploads\/2025\/06\/team-9550607_1280-300x214.png 300w, https:\/\/anschuetz-dienstleistungen.de\/wp-content\/uploads\/2025\/06\/team-9550607_1280-1024x732.png 1024w, https:\/\/anschuetz-dienstleistungen.de\/wp-content\/uploads\/2025\/06\/team-9550607_1280-768x549.png 768w\" sizes=\"auto, (max-width: 1280px) 100vw, 1280px\" \/><\/figure>\n<\/div>\n\n\n<div style=\"height:24px\" aria-hidden=\"true\" class=\"wp-block-spacer\"><\/div>\n\n\n\n<p class=\"has-text-align-center has-nv-text-dark-bg-color has-text-color\">Unser Team ist immer Bereit, alles rauszuholen.<\/p>\n\n\n\n<p class=\"has-text-align-center has-nv-text-dark-bg-color has-text-color has-small-font-size\" style=\"text-transform:uppercase\"><strong>Team Ansch\u00fctz<\/strong><\/p>\n\n\n\n<div style=\"height:20px\" aria-hidden=\"true\" class=\"wp-block-spacer\"><\/div>\n<\/div>\n\n\n\n<div class=\"wp-block-column ticss-a5b4df29 is-layout-flow wp-block-column-is-layout-flow\"><div class=\"wp-block-image is-style-rounded\">\n<figure class=\"aligncenter size-full is-resized\"><img loading=\"lazy\" decoding=\"async\" width=\"1280\" height=\"967\" src=\"https:\/\/anschuetz-dienstleistungen.de\/wp-content\/uploads\/2025\/06\/work-8660354_1280.png\" alt=\"\" class=\"wp-image-51\" style=\"aspect-ratio:1;width:164px;height:auto\" srcset=\"https:\/\/anschuetz-dienstleistungen.de\/wp-content\/uploads\/2025\/06\/work-8660354_1280.png 1280w, https:\/\/anschuetz-dienstleistungen.de\/wp-content\/uploads\/2025\/06\/work-8660354_1280-300x227.png 300w, https:\/\/anschuetz-dienstleistungen.de\/wp-content\/uploads\/2025\/06\/work-8660354_1280-1024x774.png 1024w, https:\/\/anschuetz-dienstleistungen.de\/wp-content\/uploads\/2025\/06\/work-8660354_1280-768x580.png 768w\" sizes=\"auto, (max-width: 1280px) 100vw, 1280px\" \/><\/figure>\n<\/div>\n\n\n<div style=\"height:24px\" aria-hidden=\"true\" class=\"wp-block-spacer\"><\/div>\n\n\n\n<p class=\"has-text-align-center has-nv-text-dark-bg-color has-text-color\">Auftragsannahme und Buchhaltung haben wir nat\u00fcrlich integriert.<\/p>\n\n\n\n<p class=\"has-text-align-center has-nv-text-dark-bg-color has-text-color has-small-font-size\" style=\"text-transform:uppercase\"><strong>Anna Blurius<\/strong><\/p>\n\n\n\n<div style=\"height:20px\" aria-hidden=\"true\" class=\"wp-block-spacer\"><\/div>\n<\/div>\n<\/div>\n\n\n\n<div style=\"height:0px\" aria-hidden=\"true\" class=\"wp-block-spacer\"><\/div>\n<\/div><\/div>\n\n\n\n<div class=\"wp-block-cover alignfull\" style=\"min-height:300px;aspect-ratio:unset;\"><span aria-hidden=\"true\" class=\"wp-block-cover__background has-neve-link-color-background-color has-background-dim-100 has-background-dim\"><\/span><div class=\"wp-block-cover__inner-container is-layout-flow wp-block-cover-is-layout-flow\">\n<div style=\"height:140px\" aria-hidden=\"true\" class=\"wp-block-spacer\"><\/div>\n\n\n\n<div class=\"wp-block-columns is-layout-flex wp-container-core-columns-is-layout-9d6595d7 wp-block-columns-is-layout-flex\">\n<div class=\"wp-block-column is-layout-flow wp-block-column-is-layout-flow\" style=\"flex-basis:20%\"><\/div>\n\n\n\n<div class=\"wp-block-column is-layout-flow wp-block-column-is-layout-flow\" style=\"flex-basis:60%\">\n<div class=\"wp-block-group\"><div class=\"wp-block-group__inner-container is-layout-constrained wp-block-group-is-layout-constrained\">\n<h2 class=\"wp-block-heading has-text-align-center has-nv-text-dark-bg-color has-text-color\">Let\u2019s work together on your next marketing project<\/h2>\n\n\n\n<p class=\"has-text-align-center has-nv-text-dark-bg-color has-text-color has-link-color wp-elements-437524f22ca676384a702686ff01f285\">Lorem ipsum dolor sit amet, consectetur adipiscing elit. Ut elit tellus, luctus <br>nec ullamcorper mattis, pulvinar dapibus leo.<\/p>\n\n\n\n<div class=\"wp-block-buttons is-horizontal is-content-justification-center is-layout-flex wp-container-core-buttons-is-layout-499968f5 wp-block-buttons-is-layout-flex\">\n<div class=\"wp-block-button is-style-primary\"><a class=\"wp-block-button__link has-neve-link-color-color has-text-color has-background has-link-color wp-element-button\" href=\"https:\/\/anschuetz-dienstleistungen.de\/contact\/\" style=\"background-color:#ffffff\">Get Started<\/a><\/div>\n<\/div>\n<\/div><\/div>\n<\/div>\n\n\n\n<div class=\"wp-block-column is-layout-flow wp-block-column-is-layout-flow\" style=\"flex-basis:20%\"><\/div>\n<\/div>\n\n\n\n<div style=\"height:140px\" aria-hidden=\"true\" class=\"wp-block-spacer\"><\/div>\n<\/div><\/div>\n","protected":false},"excerpt":{"rendered":"<p>Dienstleistung und Service f\u00fcr Umz\u00fcge, Entr\u00fcmpelung und alles rund ums Haus Haus\/Umzug Umz\u00fcge sind unser Spezialgebiet. Professionell und Ordentlich. Garten Im Garten f\u00fchlen wir uns wohl. Rasenm\u00e4hen, Heckenschnitt, kein Problem Fahrten Wir \u00fcbernehmen Spezialfahrten wo immer wir gebraucht werden. Entr\u00fcmpelung Entr\u00fcmpelung ist unser Ding. Wir nehmen alles mit, auch Ihre Sorgen.<\/p>\n","protected":false},"author":1,"featured_media":0,"parent":0,"menu_order":0,"comment_status":"closed","ping_status":"closed","template":"","meta":{"neve_meta_sidebar":"","neve_meta_container":"","neve_meta_enable_content_width":"on","neve_meta_content_width":100,"neve_meta_title_alignment":"","neve_meta_author_avatar":"","neve_post_elements_order":"","neve_meta_disable_header":"","neve_meta_disable_footer":"","neve_meta_disable_title":"on","footnotes":""},"class_list":["post-7","page","type-page","status-publish","hentry"],"_links":{"self":[{"href":"https:\/\/anschuetz-dienstleistungen.de\/index.php?rest_route=\/wp\/v2\/pages\/7","targetHints":{"allow":["GET"]}}],"collection":[{"href":"https:\/\/anschuetz-dienstleistungen.de\/index.php?rest_route=\/wp\/v2\/pages"}],"about":[{"href":"https:\/\/anschuetz-dienstleistungen.de\/index.php?rest_route=\/wp\/v2\/types\/page"}],"author":[{"embeddable":true,"href":"https:\/\/anschuetz-dienstleistungen.de\/index.php?rest_route=\/wp\/v2\/users\/1"}],"replies":[{"embeddable":true,"href":"https:\/\/anschuetz-dienstleistungen.de\/index.php?rest_route=%2Fwp%2Fv2%2Fcomments&post=7"}],"version-history":[{"count":9,"href":"https:\/\/anschuetz-dienstleistungen.de\/index.php?rest_route=\/wp\/v2\/pages\/7\/revisions"}],"predecessor-version":[{"id":54,"href":"https:\/\/anschuetz-dienstleistungen.de\/index.php?rest_route=\/wp\/v2\/pages\/7\/revisions\/54"}],"wp:attachment":[{"href":"https:\/\/anschuetz-dienstleistungen.de\/index.php?rest_route=%2Fwp%2Fv2%2Fmedia&parent=7"}],"curies":[{"name":"wp","href":"https:\/\/api.w.org\/{rel}","templated":true}]}}